{"id":6,"date":"2012-09-17T15:40:52","date_gmt":"2012-09-17T15:40:30","guid":{"rendered":"http:\/\/176.9.12.186\/~docwing2\/electrosiluz-ao\/?page_id=6"},"modified":"2023-08-08T22:49:00","modified_gmt":"2023-08-08T22:49:00","slug":"quem-somos","status":"publish","type":"page","link":"https:\/\/siluzmocambique.com\/?page_id=6","title":{"rendered":"Quem Somos"},"content":{"rendered":"<p style=\"text-align: justify;\"><a href=\"https:\/\/siluzmocambique.com\/wp-content\/uploads\/2012\/02\/-mocambique-sede-depois-obras.jpg\"><img loading=\"lazy\" decoding=\"async\" class=\" wp-image-2175 alignright\" src=\"https:\/\/siluzmocambique.com\/wp-content\/uploads\/2012\/02\/-mocambique-sede-depois-obras-300x225.jpg\" alt=\"Mocambique sede depois obras\" width=\"169\" height=\"77\" \/><\/a>A Siluz &#8211; Distribuidora Mo\u00e7ambicana de Material El\u00e9ctrico, Lda. surge em 2011 com o objetivo de oferecer ao mercado Mo\u00e7ambicano todo um conjunto de materiais de qualidade devidamente certificados, ao melhor pre\u00e7o.<\/p>\n<p style=\"text-align: justify;\">Armazenistas e Distribuidores de uma pan\u00f3plia de produtos das mais conceituadas marcas mundiais (algumas marcas em regime de exclusividade), comercializa nove categorias de produtos, sendo elas o material el\u00e9ctrico (terci\u00e1rio, Ind\u00fastria e habita\u00e7\u00e3o), ilumina\u00e7\u00e3o (interior e exterior), ventila\u00e7\u00e3o, electrodom\u00e9sticos, geradores, ferramentas (el\u00e9ctricas e manuais), ferragens, m\u00e1quinas e canaliza\u00e7\u00e3o.<\/p>\n<p>Dentro de cada categoria a Siluz possui uma diversidade de produtos, criando assim uma oferta bastante alargada e completa, sempre com o objectivo de satisfazer os nossos clientes e Mercado em geral.<\/p>\n<p style=\"text-align: justify;\">\u00c9 igualmente importante e o nosso desejo estar constantemente na vanguarda da promo\u00e7\u00e3o e venda das novidades apresentadas pelas marcas que representamos.<br \/>\nVenha conhecer as nossas instala\u00e7\u00f5es e a nossa exposi\u00e7\u00e3o, teremos toda a vontade e profissionalismo para o ajudar no seu projecto.<\/p>\n<p style=\"text-align: justify;\">Estamos \u00e0 sua espera\u2026<\/p>\n<p>&nbsp;<\/p>\n<p>&nbsp;<\/p>\n<p style=\"text-align: justify;\"><strong>Miss\u00e3o<\/strong><\/p>\n<p style=\"text-align: justify;\">A miss\u00e3o da Siluz prende-se em oferecer aos seus clientes e ao mercado em geral uma vasta gama de produtos garantindo a sua qualidade, potencial inovador e respectiva certifica\u00e7\u00e3o do fabricante complementando-se com pre\u00e7os competitivos e devido apoio ao cliente.<\/p>\n<p>&nbsp;<\/p>\n<p>&nbsp;<\/p>\n<p style=\"text-align: justify;\"><strong>Vis\u00e3o<\/strong><\/p>\n<p style=\"text-align: justify;\">A vis\u00e3o da Siluz passa pela afirma\u00e7\u00e3o da empresa no contexto Mo\u00e7ambicano como uma empresa de qualidade e prest\u00edgio entre todos os colaboradores internos e externos que interagem com a empresa.<\/p>\n","protected":false},"excerpt":{"rendered":"<p>A Siluz &#8211; Distribuidora Mo\u00e7ambicana de Material El\u00e9ctrico, Lda. surge em 2011 com o objetivo de oferecer ao mercado Mo\u00e7ambicano todo um conjunto de materiais de qualidade devidamente certificados, ao melhor pre\u00e7o. Armazenistas e Distribuidores de uma pan\u00f3plia de produtos das mais conceituadas marcas mundiais (algumas marcas em regime de exclusividade), comercializa nove categorias de produtos, sendo elas o material &hellip; <a class=\"continue-reading\" href=\"https:\/\/siluzmocambique.com\/?page_id=6\">Continuar a ler \u00bb<\/a><\/p>\n","protected":false},"author":1,"featured_media":0,"parent":0,"menu_order":0,"comment_status":"open","ping_status":"open","template":"","meta":{"footnotes":""},"class_list":["post-6","page","type-page","status-publish","hentry"],"_links":{"self":[{"href":"https:\/\/siluzmocambique.com\/index.php?rest_route=\/wp\/v2\/pages\/6","targetHints":{"allow":["GET"]}}],"collection":[{"href":"https:\/\/siluzmocambique.com\/index.php?rest_route=\/wp\/v2\/pages"}],"about":[{"href":"https:\/\/siluzmocambique.com\/index.php?rest_route=\/wp\/v2\/types\/page"}],"author":[{"embeddable":true,"href":"https:\/\/siluzmocambique.com\/index.php?rest_route=\/wp\/v2\/users\/1"}],"replies":[{"embeddable":true,"href":"https:\/\/siluzmocambique.com\/index.php?rest_route=%2Fwp%2Fv2%2Fcomments&post=6"}],"version-history":[{"count":4,"href":"https:\/\/siluzmocambique.com\/index.php?rest_route=\/wp\/v2\/pages\/6\/revisions"}],"predecessor-version":[{"id":2513,"href":"https:\/\/siluzmocambique.com\/index.php?rest_route=\/wp\/v2\/pages\/6\/revisions\/2513"}],"wp:attachment":[{"href":"https:\/\/siluzmocambique.com\/index.php?rest_route=%2Fwp%2Fv2%2Fmedia&parent=6"}],"curies":[{"name":"wp","href":"https:\/\/api.w.org\/{rel}","templated":true}]}}